{"id":961,"date":"2022-08-18T08:52:31","date_gmt":"2022-08-18T08:52:31","guid":{"rendered":"https:\/\/market.institutoneone.org\/es\/?page_id=961"},"modified":"2022-09-16T15:55:42","modified_gmt":"2022-09-16T15:55:42","slug":"nosotros","status":"publish","type":"page","link":"https:\/\/market.institutoneone.org\/es\/nosotros\/","title":{"rendered":"Nosotros"},"content":{"rendered":"\n\n\t<section class=\"section\" id=\"section_1696601669\">\n\t\t<div class=\"section-bg fill\" >\n\t\t\t\t\t\t\t\t\t\n\t\t\t\n\n\t\t<\/div>\n\n\t\t\n\n\t\t<div class=\"section-content relative\">\n\t\t\t\n\n<div class=\"row row-full-width\"  id=\"row-512753209\">\n\n\n\t<div id=\"col-2120374884\" class=\"col medium-8 small-12 large-8\"  >\n\t\t\t\t<div class=\"col-inner\"  >\n\t\t\t\n\t\t\t\n\n<div class=\"container section-title-container\" ><h3 class=\"section-title section-title-normal\"><b><\/b><span class=\"section-title-main\" >Nosotros<\/span><b><\/b><\/h3><\/div>\n\n<p>Desde 1995 ense\u00f1ando 13 idiomas con vocaci\u00f3n y atenci\u00f3n personalizada, tanto en nuestras sedes (presencial) , como a distancia (para toda Argentina y el exterior) e In-Company.<\/p>\n<h3><strong>Sistema de Ense\u00f1anza<\/strong><\/h3>\n<p>Nuestro sistema de ense\u00f1anza es 100% comunicativo (estimulamos el aprendizaje mediante ejercicios din\u00e1micos, juegos, roleplays y actividades entretenidas) Docentes y equipo directivo capacitado en Neurolinguistica<\/p>\n<h3><strong>Tecnolog\u00eda y educaci\u00f3n<\/strong><\/h3>\n<p>Selecci\u00f3n de material en constante actualizaci\u00f3n, utilizaci\u00f3n de dispositivos tecnol\u00f3gicos y nuestro Campus Virtual como complemento en todas las clases.<\/p>\n<h3><strong>Seguimiento pedag\u00f3gico\u00a0<\/strong><\/h3>\n<p>Sistema de monitoreo constante del equipo docente (observaci\u00f3n sistematizada y reuniones peri\u00f3dicas de profesores) + Encuesta a padres y alumnos.<\/p>\n\n\t\t<\/div>\n\t\t\t\t\t<\/div>\n\n\t\n\n\t<div id=\"col-1852914831\" class=\"col medium-4 small-12 large-4\"  >\n\t\t\t\t<div class=\"col-inner text-center\"  >\n\t\t\t\n\t\t\t\n\n<div class=\"container section-title-container\" ><h3 class=\"section-title section-title-normal\"><b><\/b><span class=\"section-title-main\" >Cursos disponibles<\/span><b><\/b><\/h3><\/div>\n\n<ul class=\"ux-products-list product_list_widget\">\n                  <li>\n\t<a href=\"https:\/\/market.institutoneone.org\/es\/producto\/ruso-nivel-2-neoneflex\/\" title=\"Ruso Nivel 2 - NeoneFlex\u00ae\">\n\t\t<img loading=\"lazy\" decoding=\"async\" width=\"100\" height=\"100\" src=\"https:\/\/market.institutoneone.org\/es\/wp-content\/uploads\/2022\/08\/Ruso-100x100.png\" class=\"attachment-woocommerce_gallery_thumbnail size-woocommerce_gallery_thumbnail\" alt=\"Ruso Nivel 2 - NeoneFlex\u00ae\" srcset=\"https:\/\/market.institutoneone.org\/es\/wp-content\/uploads\/2022\/08\/Ruso-100x100.png 100w, https:\/\/market.institutoneone.org\/es\/wp-content\/uploads\/2022\/08\/Ruso-300x300.png 300w, https:\/\/market.institutoneone.org\/es\/wp-content\/uploads\/2022\/08\/Ruso-1024x1024.png 1024w, https:\/\/market.institutoneone.org\/es\/wp-content\/uploads\/2022\/08\/Ruso-150x150.png 150w, https:\/\/market.institutoneone.org\/es\/wp-content\/uploads\/2022\/08\/Ruso-768x768.png 768w, https:\/\/market.institutoneone.org\/es\/wp-content\/uploads\/2022\/08\/Ruso-247x247.png 247w, https:\/\/market.institutoneone.org\/es\/wp-content\/uploads\/2022\/08\/Ruso-517x517.png 517w, https:\/\/market.institutoneone.org\/es\/wp-content\/uploads\/2022\/08\/Ruso.png 1080w\" sizes=\"auto, (max-width: 100px) 100vw, 100px\" \/>\t\t<span class=\"product-title\">Ruso Nivel 2 - NeoneFlex\u00ae<\/span>\n\t<\/a>\n\t\t<span class=\"woocommerce-Price-amount amount\"><bdi><span class=\"woocommerce-Price-currencySymbol\">&#36;<\/span>120.00<\/bdi><\/span><\/li>\n                  <li>\n\t<a href=\"https:\/\/market.institutoneone.org\/es\/producto\/ruso-nivel-1-neoneflex\/\" title=\"Ruso Nivel 1 - NeoneFlex\u00ae\">\n\t\t<img loading=\"lazy\" decoding=\"async\" width=\"100\" height=\"100\" src=\"https:\/\/market.institutoneone.org\/es\/wp-content\/uploads\/2022\/08\/Ruso-100x100.png\" class=\"attachment-woocommerce_gallery_thumbnail size-woocommerce_gallery_thumbnail\" alt=\"Ruso Nivel 1 - NeoneFlex\u00ae\" srcset=\"https:\/\/market.institutoneone.org\/es\/wp-content\/uploads\/2022\/08\/Ruso-100x100.png 100w, https:\/\/market.institutoneone.org\/es\/wp-content\/uploads\/2022\/08\/Ruso-300x300.png 300w, https:\/\/market.institutoneone.org\/es\/wp-content\/uploads\/2022\/08\/Ruso-1024x1024.png 1024w, https:\/\/market.institutoneone.org\/es\/wp-content\/uploads\/2022\/08\/Ruso-150x150.png 150w, https:\/\/market.institutoneone.org\/es\/wp-content\/uploads\/2022\/08\/Ruso-768x768.png 768w, https:\/\/market.institutoneone.org\/es\/wp-content\/uploads\/2022\/08\/Ruso-247x247.png 247w, https:\/\/market.institutoneone.org\/es\/wp-content\/uploads\/2022\/08\/Ruso-517x517.png 517w, https:\/\/market.institutoneone.org\/es\/wp-content\/uploads\/2022\/08\/Ruso.png 1080w\" sizes=\"auto, (max-width: 100px) 100vw, 100px\" \/>\t\t<span class=\"product-title\">Ruso Nivel 1 - NeoneFlex\u00ae<\/span>\n\t<\/a>\n\t\t<span class=\"woocommerce-Price-amount amount\"><bdi><span class=\"woocommerce-Price-currencySymbol\">&#36;<\/span>120.00<\/bdi><\/span><\/li>\n                  <li>\n\t<a href=\"https:\/\/market.institutoneone.org\/es\/producto\/portugues-nivel-2-neoneflex\/\" title=\"Portugu\u00e9s Nivel 2 - NeoneFlex\u00ae\">\n\t\t<img loading=\"lazy\" decoding=\"async\" width=\"100\" height=\"100\" src=\"https:\/\/market.institutoneone.org\/es\/wp-content\/uploads\/2022\/08\/Portugues-100x100.png\" class=\"attachment-woocommerce_gallery_thumbnail size-woocommerce_gallery_thumbnail\" alt=\"Portugu\u00e9s Nivel 2 - NeoneFlex\u00ae\" srcset=\"https:\/\/market.institutoneone.org\/es\/wp-content\/uploads\/2022\/08\/Portugues-100x100.png 100w, https:\/\/market.institutoneone.org\/es\/wp-content\/uploads\/2022\/08\/Portugues-300x300.png 300w, https:\/\/market.institutoneone.org\/es\/wp-content\/uploads\/2022\/08\/Portugues-1024x1024.png 1024w, https:\/\/market.institutoneone.org\/es\/wp-content\/uploads\/2022\/08\/Portugues-150x150.png 150w, https:\/\/market.institutoneone.org\/es\/wp-content\/uploads\/2022\/08\/Portugues-768x768.png 768w, https:\/\/market.institutoneone.org\/es\/wp-content\/uploads\/2022\/08\/Portugues-247x247.png 247w, https:\/\/market.institutoneone.org\/es\/wp-content\/uploads\/2022\/08\/Portugues-517x517.png 517w, https:\/\/market.institutoneone.org\/es\/wp-content\/uploads\/2022\/08\/Portugues.png 1080w\" sizes=\"auto, (max-width: 100px) 100vw, 100px\" \/>\t\t<span class=\"product-title\">Portugu\u00e9s Nivel 2 - NeoneFlex\u00ae<\/span>\n\t<\/a>\n\t\t<span class=\"woocommerce-Price-amount amount\"><bdi><span class=\"woocommerce-Price-currencySymbol\">&#36;<\/span>95.00<\/bdi><\/span><\/li>\n                  <li>\n\t<a href=\"https:\/\/market.institutoneone.org\/es\/producto\/portugues-nivel-1-neoneflex\/\" title=\"Portugu\u00e9s Nivel 1 - NeoneFlex\u00ae\">\n\t\t<img loading=\"lazy\" decoding=\"async\" width=\"100\" height=\"100\" src=\"https:\/\/market.institutoneone.org\/es\/wp-content\/uploads\/2022\/08\/Portugues-100x100.png\" class=\"attachment-woocommerce_gallery_thumbnail size-woocommerce_gallery_thumbnail\" alt=\"Portugu\u00e9s Nivel 1 - NeoneFlex\u00ae\" srcset=\"https:\/\/market.institutoneone.org\/es\/wp-content\/uploads\/2022\/08\/Portugues-100x100.png 100w, https:\/\/market.institutoneone.org\/es\/wp-content\/uploads\/2022\/08\/Portugues-300x300.png 300w, https:\/\/market.institutoneone.org\/es\/wp-content\/uploads\/2022\/08\/Portugues-1024x1024.png 1024w, https:\/\/market.institutoneone.org\/es\/wp-content\/uploads\/2022\/08\/Portugues-150x150.png 150w, https:\/\/market.institutoneone.org\/es\/wp-content\/uploads\/2022\/08\/Portugues-768x768.png 768w, https:\/\/market.institutoneone.org\/es\/wp-content\/uploads\/2022\/08\/Portugues-247x247.png 247w, https:\/\/market.institutoneone.org\/es\/wp-content\/uploads\/2022\/08\/Portugues-517x517.png 517w, https:\/\/market.institutoneone.org\/es\/wp-content\/uploads\/2022\/08\/Portugues.png 1080w\" sizes=\"auto, (max-width: 100px) 100vw, 100px\" \/>\t\t<span class=\"product-title\">Portugu\u00e9s Nivel 1 - NeoneFlex\u00ae<\/span>\n\t<\/a>\n\t\t<span class=\"woocommerce-Price-amount amount\"><bdi><span class=\"woocommerce-Price-currencySymbol\">&#36;<\/span>95.00<\/bdi><\/span><\/li>\n        \n      <\/ul>\n\n\n\t\t<\/div>\n\t\t\t\t\n<style>\n#col-1852914831 > .col-inner {\n  max-width: 520px;\n}\n<\/style>\n\t<\/div>\n\n\t\n\n<\/div>\n\n\t\t<\/div>\n\n\t\t\n<style>\n#section_1696601669 {\n  padding-top: 30px;\n  padding-bottom: 30px;\n}\n<\/style>\n\t<\/section>\n\t\n\n","protected":false},"excerpt":{"rendered":"","protected":false},"author":2,"featured_media":0,"parent":0,"menu_order":0,"comment_status":"closed","ping_status":"closed","template":"","meta":{"_acf_changed":false,"footnotes":""},"class_list":["post-961","page","type-page","status-publish","hentry"],"acf":[],"_links":{"self":[{"href":"https:\/\/market.institutoneone.org\/es\/wp-json\/wp\/v2\/pages\/961","targetHints":{"allow":["GET"]}}],"collection":[{"href":"https:\/\/market.institutoneone.org\/es\/wp-json\/wp\/v2\/pages"}],"about":[{"href":"https:\/\/market.institutoneone.org\/es\/wp-json\/wp\/v2\/types\/page"}],"author":[{"embeddable":true,"href":"https:\/\/market.institutoneone.org\/es\/wp-json\/wp\/v2\/users\/2"}],"replies":[{"embeddable":true,"href":"https:\/\/market.institutoneone.org\/es\/wp-json\/wp\/v2\/comments?post=961"}],"version-history":[{"count":6,"href":"https:\/\/market.institutoneone.org\/es\/wp-json\/wp\/v2\/pages\/961\/revisions"}],"predecessor-version":[{"id":1003,"href":"https:\/\/market.institutoneone.org\/es\/wp-json\/wp\/v2\/pages\/961\/revisions\/1003"}],"wp:attachment":[{"href":"https:\/\/market.institutoneone.org\/es\/wp-json\/wp\/v2\/media?parent=961"}],"curies":[{"name":"wp","href":"https:\/\/api.w.org\/{rel}","templated":true}]}}