{"id":1231,"date":"2022-10-11T10:26:02","date_gmt":"2022-10-11T10:26:02","guid":{"rendered":"https:\/\/market.institutoneone.org\/es\/?post_type=product&#038;p=1231"},"modified":"2022-10-18T19:37:20","modified_gmt":"2022-10-18T19:37:20","slug":"ingles-nivel-starter-neoneflex","status":"publish","type":"product","link":"https:\/\/market.institutoneone.org\/es\/producto\/ingles-nivel-starter-neoneflex\/","title":{"rendered":"Ingl\u00e9s nivel Starter &#8211; NeoneFlex\u00ae"},"content":{"rendered":"<p>NeoneFlex\u00ae es la mejor opci\u00f3n para aprender idiomas de forma autoadministrada \u2013 Te recomendamos comenzar desde el nivel inicial para que puedas aprovechar tu aprendizaje al m\u00e1ximo sin perderte ning\u00fan detalle<\/p>\n<p>\u00a1Cuando quieras, donde quieras! Ten\u00e9s acceso por 6 meses<\/p>\n<p>Vos eleg\u00eds cuando y donde tomar las clases, adapt\u00e1ndolas a tu propio ritmo y nivel.<\/p>\n<p>Nuestro equipo de coordinaci\u00f3n estar\u00e1 atento a tus necesidades y tendr\u00e1s un feedback sobre tu progreso.<\/p>\n<p>Certificaci\u00f3n NEONE de curso completo<\/p>\n<p>Clases asincr\u00f3nicas realizadas \u00edntegramente por nuestro equipo docente, actividades integradoras con correcci\u00f3n instant\u00e1nea.<\/p>\n<p>Utilizamos t\u00e9cnicas de neuroeducaci\u00f3n para que tu aprendizaje sea de por vida.<\/p>\n<p>Material incluido.<\/p>\n<p>APREND\u00c9 idiomas DE VERDAD<\/p>\n","protected":false},"excerpt":{"rendered":"<p>NeoneFlex\u00ae es la mejor opci\u00f3n para aprender idiomas de forma autoadministrada \u2013 Te recomendamos comenzar desde el nivel inicial para que puedas aprovechar tu aprendizaje al m\u00e1ximo sin perderte ning\u00fan detalle<\/p>\n<p>\u00a1Cuando quieras, donde quieras! Ten\u00e9s acceso por 6 meses<\/p>\n<p>Vos eleg\u00eds cuando y donde tomar las clases, adapt\u00e1ndolas a tu propio ritmo y nivel.<\/p>\n<p>Nuestro equipo de coordinaci\u00f3n estar\u00e1 atento a tus necesidades y tendr\u00e1s un feedback sobre tu progreso.<\/p>\n<p>Certificaci\u00f3n NEONE de curso completo<\/p>\n<p>Clases asincr\u00f3nicas realizadas \u00edntegramente por nuestro equipo docente, actividades integradoras con correcci\u00f3n instant\u00e1nea.<\/p>\n<p>Utilizamos t\u00e9cnicas de neuroeducaci\u00f3n para que tu aprendizaje sea de por vida.<\/p>\n<p>Material incluido.<\/p>\n<p>APREND\u00c9 idiomas DE VERDAD<\/p>\n","protected":false},"featured_media":929,"comment_status":"open","ping_status":"closed","template":"","meta":{"_acf_changed":false},"product_brand":[],"product_cat":[35],"product_tag":[],"class_list":{"0":"post-1231","1":"product","2":"type-product","3":"status-publish","4":"has-post-thumbnail","6":"product_cat-cursos-flex-9","8":"first","9":"instock","10":"virtual","11":"sold-individually","12":"purchasable","13":"product-type-simple"},"acf":[],"_links":{"self":[{"href":"https:\/\/market.institutoneone.org\/es\/wp-json\/wp\/v2\/product\/1231","targetHints":{"allow":["GET"]}}],"collection":[{"href":"https:\/\/market.institutoneone.org\/es\/wp-json\/wp\/v2\/product"}],"about":[{"href":"https:\/\/market.institutoneone.org\/es\/wp-json\/wp\/v2\/types\/product"}],"replies":[{"embeddable":true,"href":"https:\/\/market.institutoneone.org\/es\/wp-json\/wp\/v2\/comments?post=1231"}],"wp:featuredmedia":[{"embeddable":true,"href":"https:\/\/market.institutoneone.org\/es\/wp-json\/wp\/v2\/media\/929"}],"wp:attachment":[{"href":"https:\/\/market.institutoneone.org\/es\/wp-json\/wp\/v2\/media?parent=1231"}],"wp:term":[{"taxonomy":"product_brand","embeddable":true,"href":"https:\/\/market.institutoneone.org\/es\/wp-json\/wp\/v2\/product_brand?post=1231"},{"taxonomy":"product_cat","embeddable":true,"href":"https:\/\/market.institutoneone.org\/es\/wp-json\/wp\/v2\/product_cat?post=1231"},{"taxonomy":"product_tag","embeddable":true,"href":"https:\/\/market.institutoneone.org\/es\/wp-json\/wp\/v2\/product_tag?post=1231"}],"curies":[{"name":"wp","href":"https:\/\/api.w.org\/{rel}","templated":true}]}}